{"id":3772,"date":"2023-07-06T19:24:41","date_gmt":"2023-07-06T19:24:41","guid":{"rendered":"https:\/\/gonti.pt\/?page_id=3772"},"modified":"2023-07-12T20:00:18","modified_gmt":"2023-07-12T20:00:18","slug":"privacy-policy","status":"publish","type":"page","link":"https:\/\/gonti.pt\/en\/privacy-policy\/","title":{"rendered":"Privacy Policy"},"content":{"rendered":"<\/p>\n<\/p>\n<div id='av_section_1'  class='avia-section main_color avia-section-default avia-no-border-styling avia-full-stretch avia-bg-style-scroll  avia-builder-el-0  el_before_av_section  avia-builder-el-first   av-minimum-height av-minimum-height-custom  container_wrap sidebar_right' style='background-repeat: no-repeat; background-image: url(https:\/\/gonti.pt\/wp-content\/uploads\/2023\/07\/contactos_gonti.jpg);background-attachment: scroll; background-position: top right;  '  data-section-bg-repeat='stretch'><div class='container' style='height:225px'><main  role=\"main\" itemprop=\"mainContentOfPage\"  class='template-page content  av-content-small alpha units'><div class='post-entry post-entry-type-page post-entry-3772'><div class='entry-content-wrapper clearfix'>\n<div  style='padding-bottom:40px; color:#004158;font-size:50px;' class='av-special-heading av-special-heading-h2 custom-color-heading blockquote modern-quote  avia-builder-el-1  avia-builder-el-no-sibling  av-inherit-size '><h2 class='av-special-heading-tag '  itemprop=\"headline\"  >Privacy Policy<\/h2><div class='special-heading-border'><div class='special-heading-inner-border' style='border-color:#004158'><\/div><\/div><\/div>\n\n<\/div><\/div><\/main><!-- close content main element --><\/div><\/div><div id='av_section_2'  class='avia-section main_color avia-section-large avia-no-border-styling avia-bg-style-scroll  avia-builder-el-2  el_after_av_section  el_before_av_hr   container_wrap sidebar_right' style=' '  ><div class='container' ><div class='template-page content  av-content-small alpha units'><div class='post-entry post-entry-type-page post-entry-3772'><div class='entry-content-wrapper clearfix'>\n<section class=\"av_textblock_section \"  itemscope=\"itemscope\" itemtype=\"https:\/\/schema.org\/CreativeWork\" ><div class='avia_textblock  '   itemprop=\"text\" ><h2>Privacy Policy<\/h2>\n<p>Esta Pol\u00edtica de Privacidade estabelece o compromisso da Gonti com os seus clientes ou visitantes quanto \u00e0 protec\u00e7\u00e3o de dados pessoais, informando o tratamento que realiza com os seus dados, assim como os direitos que lhes reconhece enquanto titulares dos dados, no cumprimento do Regulamento (UE) 2016\/679 (Regulamento Geral sobre a Protec\u00e7\u00e3o de Dados \u2013 RGPD) e da legisla\u00e7\u00e3o de protec\u00e7\u00e3o de dados aplic\u00e1vel.<br \/>\nA Pol\u00edtica de Privacidade aplica-se exclusivamente ao tratamento de dados pessoais efectuados pela Gonti no contexto das finalidades aqui previstas, nas quais se considera dado pessoal a informac\u0327a\u0303o relativa a uma pessoa singular, de qualquer natureza e independente do respectivo suporte, que identifique ou permita identificar essa pessoa.<br \/>\nA utiliza\u00e7\u00e3o deste site implica a aceita\u00e7\u00e3o desta Pol\u00edtica de Privacidade.<\/p>\n<p><strong>1. Respons\u00e1vel pelo tratamento dos dados pessoais<\/strong><br \/>\nA Gonti Lda., com o NIF 514030887, e\u0301 a entidade responsa\u0301vel pelo tratamento dos dados pessoais dos seus clientes ou visitantes deste site. Para quaisquer relativas aos seus dados pessoais, pode contactar-nos pelos seguintes meios:<\/p>\n<p>Avenida Diogo C\u00e3o, 16A<br \/>\n2670-327 Loures<br \/>\nTelefone: (+351) 219 826 520<br \/>\nEmail: gonti@gonti.pt<\/p>\n<p><strong>2. Forma de recolha dos dados pessoais<\/strong><br \/>\nOs seus dados pessoais s\u00e3o recolhidos unicamente atrav\u00e9s do formul\u00e1rio de contacto do site, cujo preenchimento \u00e9 inteiramente volunt\u00e1rio.<\/p>\n<p><strong>3. Dados pessoais recolhidos<\/strong><br \/>\nS\u00e3o recolhidos o nome, email e telefone. Este site utiliza tamb\u00e9m cookies, que s\u00e3o descritos mais abaixo.<\/p>\n<p><strong>4. Finalidade dos dados pessoais<\/strong><br \/>\nOs dados recolhidos destinam-se a dar resposta a pedidos de or\u00e7amento ou informa\u00e7\u00e3o, a\u0300 adequac\u0327a\u0303o dos nossos produtos ou servi\u00e7os a\u0300s suas necessidades e interesses, e ao envio de novidades comerciais ou de outro teor que possam interessar-lhe.<\/p>\n<p><strong>5. Seguran\u00e7a dos dados pessoais<\/strong><br \/>\nA Gonti compromete-se a tratar apenas os dados pessoais que sejam estritamente necess\u00e1rios \u00e0 execu\u00e7\u00e3o das finalidades acima descritas, e envidar\u00e1 todos os esfor\u00e7os para garantir a seguran\u00e7a e a protec\u00e7\u00e3o dos dados pessoais, incluindo medidas administrativas e t\u00e9cnicas para impedir o acesso aos seus dados, a sua utiliza\u00e7\u00e3o indevida ou a sua divulga\u00e7\u00e3o n\u00e3o autorizada.<\/p>\n<p><strong>6. Tempo de conserva\u00e7\u00e3o dos dados pessoais<\/strong><br \/>\nPara a comercializac\u0327a\u0303o de produtos e servi\u00e7os, os seus dados pessoais ser\u00e3o conservados ate\u0301 que seja retirado o consentimento, dentro dos limites legais.<br \/>\nPara outras finalidades, a Gonti conservar\u00e1 os seus dados pessoais durante o peri\u0301odo necessa\u0301rio para cumprir a finalidade para a qual tiverem sido recolhidos, ap\u00f3s o qual os seus dados pessoais sera\u0303o eliminados.<br \/>\nPoder\u00e3o existir requisitos legais ou fiscais que obriguem a conservar certos dados pessoais por algum peri\u0301odo de tempo. Nesses casos, tratando-se de uma obriga\u00e7\u00e3o legal ou fiscal, a Gonti tera\u0301 de respeitar esse peri\u0301odo mi\u0301nimo de conservac\u0327a\u0303o.<br \/>\nTerminado o prazo m\u00e1ximo de conserva\u00e7\u00e3o, a Gonti compromete-se a eliminar, destruir ou anonimizar os seus dados pessoais.<\/p>\n<p><strong>7. Partilha dos dados pessoais<\/strong><br \/>\nNa Gonti, te\u0302m acesso aos seus dados pessoais os colaboradores que deles necessitam para cumprir as dilig\u00eancias comerciais ou legais necess\u00e1rias.<br \/>\nCaso os dados pessoais sejam tratados por outras entidades para assegurar a presta\u00e7\u00e3o do servi\u00e7o, a Gonti exigir\u00e1 a tais entidades o mesmo n\u00edvel de privacidade e seguran\u00e7a quanto aos seus dados pessoais.<br \/>\nPara o estrito cumprimento de obrigac\u0327o\u0303es legais ou fiscais, os seus dados pessoais podera\u0303o ser transmitidos a outras entidades, por exemplo tribunais ou organismos pu\u0301blicos.<br \/>\nA Gonti n\u00e3o partilha, em caso algum, os seus dados pessoais com outras empresas ou entidades para outros fins comerciais.<\/p>\n<p><strong>8. Consentimento dos dados pessoais<\/strong><br \/>\nNos termos da lei, e\u0301 garantido ao titular dos dados o direito de acesso, rectificac\u0327a\u0303o, limitac\u0327a\u0303o ou oposic\u0327a\u0303o ao tratamento, portabilidade ou esquecimento dos seus dados pessoais. O exerci\u0301cio destes direitos podera\u0301 estar sujeito a limitac\u0327o\u0303es previstas nos termos da lei.<br \/>\nPara exercer qualquer um destes direitos, basta enviar-nos o seu pedido atrav\u00e9s do email info@gonti.pt .<br \/>\nA Gonti analisar\u00e1 cuidadosamente o seu pedido, comprometendo-se a dar resposta em tempo oportuno.<\/p>\n<p><strong>9. Autoridade competente<\/strong><br \/>\nTer\u00e1 tamb\u00e9m sempre o direito de apresentar reclamac\u0327a\u0303o junto da autoridade competente:<br \/>\nComissa\u0303o Nacional de Protec\u0327a\u0303o de Dados \u2013 CNPD \u2013 http:\/\/www.cnpd.pt<\/p>\n<p><strong>10. Cookies<\/strong><br \/>\nCookies s\u00e3o pequenos ficheiros ou pacotes de dados trocados entre o site e o seu browser (navegador). Este site pode usar v\u00e1rios tipos de cookies:<br \/>\nCookies de sess\u00e3o: s\u00e3o cookies tempor\u00e1rios, que n\u00e3o ficam guardados no computador ap\u00f3s sair do site, e que servem para analisar padr\u00f5es de tr\u00e1fego, permitindo-nos melhorar o conte\u00fado e a usabilidade do site.<br \/>\nCookies anal\u00edticos: s\u00e3o utilizados anonimamente para efeitos estat\u00edsticos, sendo tratados por n\u00f3s ou por terceiros, com o objetivo de analisar padr\u00f5es de navega\u00e7\u00e3o no site, e melhorar o fornecimento de produtos ou servi\u00e7os.<br \/>\nCookies funcionais: guardam prefer\u00eancias do utilizador relativamente \u00e0 utiliza\u00e7\u00e3o do site.<br \/>\nCookies publicit\u00e1rios: direccionam a publicidade em fun\u00e7\u00e3o dos interesses do utilizador, ajudando a medir a sua efic\u00e1cia, evitando a exibi\u00e7\u00e3o de an\u00fancios duplicados, etc.<\/p>\n<p><strong>11. Gest\u00e3o de cookies<\/strong><br \/>\nOs browsers (navegadores) permitem ao utilizador aceitar, recusar ou apagar cookies atrav\u00e9s das suas defini\u00e7\u00f5es avan\u00e7adas. \u00c9 geralmente poss\u00edvel geri-las no menu \u201cOp\u00e7\u00f5es\u201d ou \u201cPrefer\u00eancias\u201d. Tenha em conta que ao desactivar os cookies pode impedir que algumas p\u00e1ginas ou servi\u00e7os do site funcionem correctamente.<\/p>\n<p><strong>12. Actualiza\u00e7\u00e3o desta Pol\u00edtica de Privacidade<\/strong><br \/>\nA presente Pol\u00edtica de Privacidade pode ser revista e actualizada periodicamente, estando a \u00faltima vers\u00e3o sempre publicada no nosso site.<\/p>\n<\/div><\/section>\n<div  style='height:50px' class='hr hr-invisible   avia-builder-el-4  el_after_av_textblock  avia-builder-el-last '><span class='hr-inner ' ><span class='hr-inner-style'><\/span><\/span><\/div>\n<\/div><\/div><\/div><!-- close content main div --><\/div><\/div><div id='after_section_2'  class='main_color av_default_container_wrap container_wrap sidebar_right' style=' '  ><div class='container' ><div class='template-page content  av-content-small alpha units'><div class='post-entry post-entry-type-page post-entry-3772'><div class='entry-content-wrapper clearfix'><div  style='height:50px' class='hr hr-invisible   avia-builder-el-5  el_after_av_section  avia-builder-el-no-sibling '><span class='hr-inner ' ><span class='hr-inner-style'><\/span><\/span><\/div><\/p>\n","protected":false},"excerpt":{"rendered":"","protected":false},"author":1,"featured_media":3779,"parent":0,"menu_order":0,"comment_status":"closed","ping_status":"open","template":"","meta":{"footnotes":""},"class_list":["post-3772","page","type-page","status-publish","has-post-thumbnail","hentry"],"yoast_head":"<!-- This site is optimized with the Yoast SEO plugin v26.8 - https:\/\/yoast.com\/product\/yoast-seo-wordpress\/ -->\n<title>Empresa de Contabilidade e Gest\u00e3o | Gonti<\/title>\n<meta name=\"description\" content=\"Empresa de Contabilidade e Gest\u00e3o, a Gonti \u00e9 premiada pela excel\u00eancia e qualidade dos servi\u00e7os prestados, nas areas de Contabilidade Financeira e Anal\u00edtica.\" \/>\n<meta name=\"robots\" content=\"index, follow, max-snippet:-1, max-image-preview:large, max-video-preview:-1\" \/>\n<link rel=\"canonical\" href=\"https:\/\/gonti.pt\/en\/privacy-policy\/\" \/>\n<meta property=\"og:locale\" content=\"en_US\" \/>\n<meta property=\"og:type\" content=\"article\" \/>\n<meta property=\"og:title\" content=\"Gonti Contabilidade e Gest\u00e3o\" \/>\n<meta property=\"og:description\" content=\"Empresa de Contabilidade e Gest\u00e3o, a Gonti \u00e9 premiada pela excel\u00eancia e qualidade dos servi\u00e7os prestados, nas areas de Contabilidade Financeira e Anal\u00edtica.\" \/>\n<meta property=\"og:url\" content=\"https:\/\/gonti.pt\/en\/privacy-policy\/\" \/>\n<meta property=\"og:site_name\" content=\"Contabilidade e Gest\u00e3o - GONTI\" \/>\n<meta property=\"article:publisher\" content=\"https:\/\/www.facebook.com\/gonti.gestao.contabilidade\" \/>\n<meta property=\"article:modified_time\" content=\"2023-07-12T20:00:18+00:00\" \/>\n<meta property=\"og:image\" content=\"https:\/\/gonti.pt\/wp-content\/uploads\/2023\/07\/contactos_gonti.jpg\" \/>\n\t<meta property=\"og:image:width\" content=\"1500\" \/>\n\t<meta property=\"og:image:height\" content=\"630\" \/>\n\t<meta property=\"og:image:type\" content=\"image\/jpeg\" \/>\n<meta name=\"twitter:card\" content=\"summary_large_image\" \/>\n<meta name=\"twitter:title\" content=\"Gonti Contabilidade e Gest\u00e3o\" \/>\n<meta name=\"twitter:description\" content=\"Empresa de Contabilidade e Gest\u00e3o, a Gonti \u00e9 premiada pela excel\u00eancia e qualidade dos servi\u00e7os prestados, nas areas de Contabilidade Financeira e Anal\u00edtica.\" \/>\n<meta name=\"twitter:label1\" content=\"Est. reading time\" \/>\n\t<meta name=\"twitter:data1\" content=\"6 minutes\" \/>\n<script type=\"application\/ld+json\" class=\"yoast-schema-graph\">{\"@context\":\"https:\/\/schema.org\",\"@graph\":[{\"@type\":\"WebPage\",\"@id\":\"https:\/\/gonti.pt\/en\/privacy-policy\/\",\"url\":\"https:\/\/gonti.pt\/en\/privacy-policy\/\",\"name\":\"Empresa de Contabilidade e Gest\u00e3o | Gonti\",\"isPartOf\":{\"@id\":\"https:\/\/gonti.pt\/en\/#website\"},\"primaryImageOfPage\":{\"@id\":\"https:\/\/gonti.pt\/en\/privacy-policy\/#primaryimage\"},\"image\":{\"@id\":\"https:\/\/gonti.pt\/en\/privacy-policy\/#primaryimage\"},\"thumbnailUrl\":\"https:\/\/gonti.pt\/wp-content\/uploads\/2023\/07\/contactos_gonti.jpg\",\"datePublished\":\"2023-07-06T19:24:41+00:00\",\"dateModified\":\"2023-07-12T20:00:18+00:00\",\"description\":\"Empresa de Contabilidade e Gest\u00e3o, a Gonti \u00e9 premiada pela excel\u00eancia e qualidade dos servi\u00e7os prestados, nas areas de Contabilidade Financeira e Anal\u00edtica.\",\"breadcrumb\":{\"@id\":\"https:\/\/gonti.pt\/en\/privacy-policy\/#breadcrumb\"},\"inLanguage\":\"en-US\",\"potentialAction\":[{\"@type\":\"ReadAction\",\"target\":[\"https:\/\/gonti.pt\/en\/privacy-policy\/\"]}]},{\"@type\":\"ImageObject\",\"inLanguage\":\"en-US\",\"@id\":\"https:\/\/gonti.pt\/en\/privacy-policy\/#primaryimage\",\"url\":\"https:\/\/gonti.pt\/wp-content\/uploads\/2023\/07\/contactos_gonti.jpg\",\"contentUrl\":\"https:\/\/gonti.pt\/wp-content\/uploads\/2023\/07\/contactos_gonti.jpg\",\"width\":1500,\"height\":630},{\"@type\":\"BreadcrumbList\",\"@id\":\"https:\/\/gonti.pt\/en\/privacy-policy\/#breadcrumb\",\"itemListElement\":[{\"@type\":\"ListItem\",\"position\":1,\"name\":\"Home\",\"item\":\"https:\/\/gonti.pt\/en\/gonti-accounting-and-management\/\"},{\"@type\":\"ListItem\",\"position\":2,\"name\":\"Privacy Policy\"}]},{\"@type\":\"WebSite\",\"@id\":\"https:\/\/gonti.pt\/en\/#website\",\"url\":\"https:\/\/gonti.pt\/en\/\",\"name\":\"Contabilidade e Gest\u00e3o - Gonti\",\"description\":\"CONTABILIDADE E GESTAO LDA\",\"publisher\":{\"@id\":\"https:\/\/gonti.pt\/en\/#organization\"},\"potentialAction\":[{\"@type\":\"SearchAction\",\"target\":{\"@type\":\"EntryPoint\",\"urlTemplate\":\"https:\/\/gonti.pt\/en\/?s={search_term_string}\"},\"query-input\":{\"@type\":\"PropertyValueSpecification\",\"valueRequired\":true,\"valueName\":\"search_term_string\"}}],\"inLanguage\":\"en-US\"},{\"@type\":\"Organization\",\"@id\":\"https:\/\/gonti.pt\/en\/#organization\",\"name\":\"Gonti - Contabilidade e Gest\u00e3o\",\"url\":\"https:\/\/gonti.pt\/en\/\",\"logo\":{\"@type\":\"ImageObject\",\"inLanguage\":\"en-US\",\"@id\":\"https:\/\/gonti.pt\/en\/#\/schema\/logo\/image\/\",\"url\":\"https:\/\/gonti.pt\/wp-content\/uploads\/2015\/11\/new_logo_gonti.png\",\"contentUrl\":\"https:\/\/gonti.pt\/wp-content\/uploads\/2015\/11\/new_logo_gonti.png\",\"width\":340,\"height\":156,\"caption\":\"Gonti - Contabilidade e Gest\u00e3o\"},\"image\":{\"@id\":\"https:\/\/gonti.pt\/en\/#\/schema\/logo\/image\/\"},\"sameAs\":[\"https:\/\/www.facebook.com\/gonti.gestao.contabilidade\",\"https:\/\/www.instagram.com\/gonti.pt\/\",\"https:\/\/pt.linkedin.com\/company\/gonti-contabilidade-e-gesto-lda\"]}]}<\/script>\n<!-- \/ Yoast SEO plugin. -->","yoast_head_json":{"title":"Empresa de Contabilidade e Gest\u00e3o | Gonti","description":"Empresa de Contabilidade e Gest\u00e3o, a Gonti \u00e9 premiada pela excel\u00eancia e qualidade dos servi\u00e7os prestados, nas areas de Contabilidade Financeira e Anal\u00edtica.","robots":{"index":"index","follow":"follow","max-snippet":"max-snippet:-1","max-image-preview":"max-image-preview:large","max-video-preview":"max-video-preview:-1"},"canonical":"https:\/\/gonti.pt\/en\/privacy-policy\/","og_locale":"en_US","og_type":"article","og_title":"Gonti Contabilidade e Gest\u00e3o","og_description":"Empresa de Contabilidade e Gest\u00e3o, a Gonti \u00e9 premiada pela excel\u00eancia e qualidade dos servi\u00e7os prestados, nas areas de Contabilidade Financeira e Anal\u00edtica.","og_url":"https:\/\/gonti.pt\/en\/privacy-policy\/","og_site_name":"Contabilidade e Gest\u00e3o - GONTI","article_publisher":"https:\/\/www.facebook.com\/gonti.gestao.contabilidade","article_modified_time":"2023-07-12T20:00:18+00:00","og_image":[{"width":1500,"height":630,"url":"https:\/\/gonti.pt\/wp-content\/uploads\/2023\/07\/contactos_gonti.jpg","type":"image\/jpeg"}],"twitter_card":"summary_large_image","twitter_title":"Gonti Contabilidade e Gest\u00e3o","twitter_description":"Empresa de Contabilidade e Gest\u00e3o, a Gonti \u00e9 premiada pela excel\u00eancia e qualidade dos servi\u00e7os prestados, nas areas de Contabilidade Financeira e Anal\u00edtica.","twitter_misc":{"Est. reading time":"6 minutes"},"schema":{"@context":"https:\/\/schema.org","@graph":[{"@type":"WebPage","@id":"https:\/\/gonti.pt\/en\/privacy-policy\/","url":"https:\/\/gonti.pt\/en\/privacy-policy\/","name":"Empresa de Contabilidade e Gest\u00e3o | Gonti","isPartOf":{"@id":"https:\/\/gonti.pt\/en\/#website"},"primaryImageOfPage":{"@id":"https:\/\/gonti.pt\/en\/privacy-policy\/#primaryimage"},"image":{"@id":"https:\/\/gonti.pt\/en\/privacy-policy\/#primaryimage"},"thumbnailUrl":"https:\/\/gonti.pt\/wp-content\/uploads\/2023\/07\/contactos_gonti.jpg","datePublished":"2023-07-06T19:24:41+00:00","dateModified":"2023-07-12T20:00:18+00:00","description":"Empresa de Contabilidade e Gest\u00e3o, a Gonti \u00e9 premiada pela excel\u00eancia e qualidade dos servi\u00e7os prestados, nas areas de Contabilidade Financeira e Anal\u00edtica.","breadcrumb":{"@id":"https:\/\/gonti.pt\/en\/privacy-policy\/#breadcrumb"},"inLanguage":"en-US","potentialAction":[{"@type":"ReadAction","target":["https:\/\/gonti.pt\/en\/privacy-policy\/"]}]},{"@type":"ImageObject","inLanguage":"en-US","@id":"https:\/\/gonti.pt\/en\/privacy-policy\/#primaryimage","url":"https:\/\/gonti.pt\/wp-content\/uploads\/2023\/07\/contactos_gonti.jpg","contentUrl":"https:\/\/gonti.pt\/wp-content\/uploads\/2023\/07\/contactos_gonti.jpg","width":1500,"height":630},{"@type":"BreadcrumbList","@id":"https:\/\/gonti.pt\/en\/privacy-policy\/#breadcrumb","itemListElement":[{"@type":"ListItem","position":1,"name":"Home","item":"https:\/\/gonti.pt\/en\/gonti-accounting-and-management\/"},{"@type":"ListItem","position":2,"name":"Privacy Policy"}]},{"@type":"WebSite","@id":"https:\/\/gonti.pt\/en\/#website","url":"https:\/\/gonti.pt\/en\/","name":"Contabilidade e Gest\u00e3o - Gonti","description":"CONTABILIDADE E GESTAO LDA","publisher":{"@id":"https:\/\/gonti.pt\/en\/#organization"},"potentialAction":[{"@type":"SearchAction","target":{"@type":"EntryPoint","urlTemplate":"https:\/\/gonti.pt\/en\/?s={search_term_string}"},"query-input":{"@type":"PropertyValueSpecification","valueRequired":true,"valueName":"search_term_string"}}],"inLanguage":"en-US"},{"@type":"Organization","@id":"https:\/\/gonti.pt\/en\/#organization","name":"Gonti - Contabilidade e Gest\u00e3o","url":"https:\/\/gonti.pt\/en\/","logo":{"@type":"ImageObject","inLanguage":"en-US","@id":"https:\/\/gonti.pt\/en\/#\/schema\/logo\/image\/","url":"https:\/\/gonti.pt\/wp-content\/uploads\/2015\/11\/new_logo_gonti.png","contentUrl":"https:\/\/gonti.pt\/wp-content\/uploads\/2015\/11\/new_logo_gonti.png","width":340,"height":156,"caption":"Gonti - Contabilidade e Gest\u00e3o"},"image":{"@id":"https:\/\/gonti.pt\/en\/#\/schema\/logo\/image\/"},"sameAs":["https:\/\/www.facebook.com\/gonti.gestao.contabilidade","https:\/\/www.instagram.com\/gonti.pt\/","https:\/\/pt.linkedin.com\/company\/gonti-contabilidade-e-gesto-lda"]}]}},"_links":{"self":[{"href":"https:\/\/gonti.pt\/en\/wp-json\/wp\/v2\/pages\/3772","targetHints":{"allow":["GET"]}}],"collection":[{"href":"https:\/\/gonti.pt\/en\/wp-json\/wp\/v2\/pages"}],"about":[{"href":"https:\/\/gonti.pt\/en\/wp-json\/wp\/v2\/types\/page"}],"author":[{"embeddable":true,"href":"https:\/\/gonti.pt\/en\/wp-json\/wp\/v2\/users\/1"}],"replies":[{"embeddable":true,"href":"https:\/\/gonti.pt\/en\/wp-json\/wp\/v2\/comments?post=3772"}],"version-history":[{"count":16,"href":"https:\/\/gonti.pt\/en\/wp-json\/wp\/v2\/pages\/3772\/revisions"}],"predecessor-version":[{"id":3891,"href":"https:\/\/gonti.pt\/en\/wp-json\/wp\/v2\/pages\/3772\/revisions\/3891"}],"wp:featuredmedia":[{"embeddable":true,"href":"https:\/\/gonti.pt\/en\/wp-json\/wp\/v2\/media\/3779"}],"wp:attachment":[{"href":"https:\/\/gonti.pt\/en\/wp-json\/wp\/v2\/media?parent=3772"}],"curies":[{"name":"wp","href":"https:\/\/api.w.org\/{rel}","templated":true}]}}